{"id":108,"date":"2016-06-25T03:08:43","date_gmt":"2016-06-25T03:08:43","guid":{"rendered":"http:\/\/www.inthewallet.com\/?page_id=108"},"modified":"2021-07-06T16:49:49","modified_gmt":"2021-07-06T16:49:49","slug":"old-about-us","status":"publish","type":"page","link":"https:\/\/hoteleledenpr.com\/en\/old-about-us\/","title":{"rendered":"La Familia \/ The Family"},"content":{"rendered":"<div class=\"wp-block-buttons is-layout-flex wp-block-buttons-is-layout-flex\">\n<div class=\"wp-block-button has-custom-width wp-block-button__width-100 is-style-outline is-style-outline--1\"><a class=\"wp-block-button__link has-text-color\" href=\"https:\/\/hotels.cloudbeds.com\/reservation\/0r6EhT#checkin=2021-06-18&amp;checkout=2021-06-19\" style=\"border-radius:50px;color:#000000\" target=\"_blank\" rel=\"noreferrer noopener\">Reserve Now\/Reserva Ahora<\/a><\/div>\n<\/div>\n\n\n\n<p class=\"has-text-align-center\"><strong>Customer Service<\/strong><\/p>\n\n\n\n<p class=\"has-text-align-center\">Call (787) 422-9197 between 7am-11pm, 7 days a week for more information<\/p>\n\n\n\n<div style=\"height:36px\" aria-hidden=\"true\" class=\"wp-block-spacer\"><\/div>\n\n\n\n<hr class=\"wp-block-separator is-style-wide\"\/>\n\n\n<p>\u00a0<\/p>\n<p><a href=\"https:\/\/hoteleledenpr.com\/wp-content\/uploads\/2016\/06\/image6.png\"><img fetchpriority=\"high\" decoding=\"async\" class=\"wp-image-96 alignleft\" src=\"https:\/\/hoteleledenpr.com\/wp-content\/uploads\/2016\/06\/image6-300x225.png\" alt=\"image6\" width=\"329\" height=\"247\" srcset=\"https:\/\/hoteleledenpr.com\/wp-content\/uploads\/2016\/06\/image6-300x225.png 300w, https:\/\/hoteleledenpr.com\/wp-content\/uploads\/2016\/06\/image6.png 640w\" sizes=\"(max-width: 329px) 100vw, 329px\" \/><\/a>Con m\u00e1s de 52 a\u00f1os de experiencia y tres generaciones en la industria motelera de Puerto Rico, LA FAMILIA se ha dedicado a brindarles una experiencia de lujo, innovaci\u00f3n y comodidad.<br \/>From our humble beginnings in 1968 with the construction of Hotel El Embajador in Trujillo Alto gave us the foundation to later expand operations to Motel Riverside, Motel Lakeside and Motel OK in Caguas.<br \/>En el 2014 LA FAMILIA se restableci\u00f3 en la industria con la adquisici\u00f3n del Motel El Eden en Juana D\u00edaz y luego en el 2016 con el Motel Nuevo Mejico en Ponce y en el 2018 Motel Las Vegas en Santa Isabel. Las Hostelerias son nuestro orgullo, \u00fanete a LA FAMILIA y <strong><span style=\"text-decoration: underline;\">vive la experiencia<\/span><\/strong> de tradici\u00f3n, lujo e innovaci\u00f3n <strong><span style=\"text-decoration: underline;\">m\u00e1s cerca de usted.<\/span><\/strong><\/p>\n<p>\u00a0<\/p>\n<hr \/>\n<p><img decoding=\"async\" class=\"wp-image-206 alignright\" src=\"https:\/\/hoteleledenpr.com\/wp-content\/uploads\/2016\/06\/Facility-View-225x300.png\" alt=\"Facility View\" width=\"227\" height=\"303\" srcset=\"https:\/\/hoteleledenpr.com\/wp-content\/uploads\/2016\/06\/Facility-View-225x300.png 225w, https:\/\/hoteleledenpr.com\/wp-content\/uploads\/2016\/06\/Facility-View.png 480w\" sizes=\"(max-width: 227px) 100vw, 227px\" \/><\/p>\n<p>With over 52 years of experience and three generations in the motel industry in Puerto Rico, we are dedicated to bringing our customers the ultimate experience in luxury, innovation and comfort when they visit any of our properties in Ponce and Juana Diaz.<\/p>\n<p>From our humble beginnings in 1968 with the construction of Hotel El Embajador in Trujillo Alto gave us the foundation to later expand operations to Motel Riverside, Motel Lakeside and Motel OK in Caguas.<\/p>\n<p>The family cease Motel operations in Puerto Rico. during the early 1990&#8217;s.<\/p>\n<p>Our commitment to the Motel Industry in Puerto Rico re emerged with the acquisition of Motel El Eden in Juana Diaz in 2014, Motel Nuevo Mejico in 2016, and Motel Las Vegas in 2018.<\/p>\n<p>Our business is our family, so come and join our family to experience an unique experience of tradition, luxury and innovation.<\/p>\n<p>\u00a0<\/p>\n<hr \/>\n<p style=\"text-align: center;\">\u00a0<\/p>\n<p>\u00a0<\/p>\n<center><strong>Testimonial\u00a0<\/strong><\/center>\n<p>\u00a0<\/p>\n<p style=\"text-align: center;\"><em>\u00abThe facilities are amazing. A true Gem at a great price. I was so happy I found them when I did because I was about to pay a lot more.\u00bb <\/em><em>&#8211;<\/em> Jose Ramos<\/p>\n<p>\u00a0<\/p>\n<hr \/>","protected":false},"excerpt":{"rendered":"<p>Customer Service Call (787) 422-9197 between 7am-11pm, 7 days a week for more information \u00a0 Con m\u00e1s de 52 a\u00f1os de experiencia y tres generaciones en la industria motelera de<a class=\"more-link\" href=\"https:\/\/hoteleledenpr.com\/en\/old-about-us\/\">Continue reading <span class=\"screen-reader-text\">\u00abLa Familia \/ The Family\u00bb<\/span><\/a><\/p>","protected":false},"author":1,"featured_media":244,"parent":0,"menu_order":0,"comment_status":"closed","ping_status":"closed","template":"","meta":{"_monsterinsights_skip_tracking":false,"_monsterinsights_sitenote_active":false,"_monsterinsights_sitenote_note":"","_monsterinsights_sitenote_category":0,"footnotes":""},"class_list":["post-108","page","type-page","status-publish","has-post-thumbnail","hentry","entry"],"_links":{"self":[{"href":"https:\/\/hoteleledenpr.com\/en\/wp-json\/wp\/v2\/pages\/108","targetHints":{"allow":["GET"]}}],"collection":[{"href":"https:\/\/hoteleledenpr.com\/en\/wp-json\/wp\/v2\/pages"}],"about":[{"href":"https:\/\/hoteleledenpr.com\/en\/wp-json\/wp\/v2\/types\/page"}],"author":[{"embeddable":true,"href":"https:\/\/hoteleledenpr.com\/en\/wp-json\/wp\/v2\/users\/1"}],"replies":[{"embeddable":true,"href":"https:\/\/hoteleledenpr.com\/en\/wp-json\/wp\/v2\/comments?post=108"}],"version-history":[{"count":33,"href":"https:\/\/hoteleledenpr.com\/en\/wp-json\/wp\/v2\/pages\/108\/revisions"}],"predecessor-version":[{"id":678,"href":"https:\/\/hoteleledenpr.com\/en\/wp-json\/wp\/v2\/pages\/108\/revisions\/678"}],"wp:featuredmedia":[{"embeddable":true,"href":"https:\/\/hoteleledenpr.com\/en\/wp-json\/wp\/v2\/media\/244"}],"wp:attachment":[{"href":"https:\/\/hoteleledenpr.com\/en\/wp-json\/wp\/v2\/media?parent=108"}],"curies":[{"name":"wp","href":"https:\/\/api.w.org\/{rel}","templated":true}]}}