{"id":702,"date":"2021-07-02T16:21:31","date_gmt":"2021-07-02T16:21:31","guid":{"rendered":"https:\/\/hoteleledenpr.com\/?page_id=702"},"modified":"2025-09-03T16:46:44","modified_gmt":"2025-09-03T16:46:44","slug":"home-2","status":"publish","type":"page","link":"https:\/\/hoteleledenpr.com\/en\/","title":{"rendered":"Home"},"content":{"rendered":"<div data-elementor-type=\"wp-page\" data-elementor-id=\"702\" class=\"elementor elementor-702\">\n\t\t\t\t<div class=\"elementor-element elementor-element-2a87613 e-con-full e-flex e-con e-parent\" data-id=\"2a87613\" data-element_type=\"container\" data-settings=\"{&quot;background_background&quot;:&quot;classic&quot;}\">\n\t\t<div class=\"elementor-element elementor-element-831cf99 e-flex e-con-boxed e-con e-child\" data-id=\"831cf99\" data-element_type=\"container\">\n\t\t\t\t\t<div class=\"e-con-inner\">\n\t\t\t\t<div class=\"elementor-element elementor-element-f69103d elementor-widget elementor-widget-spacer\" data-id=\"f69103d\" data-element_type=\"widget\" data-widget_type=\"spacer.default\">\n\t\t\t\t<div class=\"elementor-widget-container\">\n\t\t\t\t\t\t\t<div class=\"elementor-spacer\">\n\t\t\t<div class=\"elementor-spacer-inner\"><\/div>\n\t\t<\/div>\n\t\t\t\t\t\t<\/div>\n\t\t\t\t<\/div>\n\t\t\t\t<div class=\"elementor-element elementor-element-8334e75 elementor-widget elementor-widget-heading\" data-id=\"8334e75\" data-element_type=\"widget\" data-widget_type=\"heading.default\">\n\t\t\t\t<div class=\"elementor-widget-container\">\n\t\t\t\t\t<h1 class=\"elementor-heading-title elementor-size-default\">El Ed\u00e9n Boutique Motel<\/h1>\t\t\t\t<\/div>\n\t\t\t\t<\/div>\n\t\t\t\t<div class=\"elementor-element elementor-element-c4d2644 elementor-widget elementor-widget-heading\" data-id=\"c4d2644\" data-element_type=\"widget\" data-widget_type=\"heading.default\">\n\t\t\t\t<div class=\"elementor-widget-container\">\n\t\t\t\t\t<h6 class=\"elementor-heading-title elementor-size-default\">Juana D\u00edaz, Puerto Rico<\/h6>\t\t\t\t<\/div>\n\t\t\t\t<\/div>\n\t\t\t\t<div class=\"elementor-element elementor-element-dd63661 elementor-mobile-align-center elementor-widget elementor-widget-button\" data-id=\"dd63661\" data-element_type=\"widget\" data-widget_type=\"button.default\">\n\t\t\t\t<div class=\"elementor-widget-container\">\n\t\t\t\t\t\t\t\t\t<div class=\"elementor-button-wrapper\">\n\t\t\t\t\t<a class=\"elementor-button elementor-button-link elementor-size-sm\" href=\"https:\/\/hoteleledenpr.com\/reservaciones\/\">\n\t\t\t\t\t\t<span class=\"elementor-button-content-wrapper\">\n\t\t\t\t\t\t\t\t\t<span class=\"elementor-button-text\">Reserve Now<\/span>\n\t\t\t\t\t<\/span>\n\t\t\t\t\t<\/a>\n\t\t\t\t<\/div>\n\t\t\t\t\t\t\t\t<\/div>\n\t\t\t\t<\/div>\n\t\t\t\t\t<\/div>\n\t\t\t\t<\/div>\n\t\t\t\t<\/div>\n\t\t<div class=\"elementor-element elementor-element-0dfb9cd e-con-full e-flex e-con e-parent\" data-id=\"0dfb9cd\" data-element_type=\"container\" data-settings=\"{&quot;background_background&quot;:&quot;classic&quot;}\">\n\t\t\t\t<div class=\"elementor-element elementor-element-3f8b74b elementor-widget elementor-widget-spacer\" data-id=\"3f8b74b\" data-element_type=\"widget\" data-widget_type=\"spacer.default\">\n\t\t\t\t<div class=\"elementor-widget-container\">\n\t\t\t\t\t\t\t<div class=\"elementor-spacer\">\n\t\t\t<div class=\"elementor-spacer-inner\"><\/div>\n\t\t<\/div>\n\t\t\t\t\t\t<\/div>\n\t\t\t\t<\/div>\n\t\t\t\t<\/div>\n\t\t<div class=\"elementor-element elementor-element-f6e7031 e-con-full e-flex e-con e-parent\" data-id=\"f6e7031\" data-element_type=\"container\" data-settings=\"{&quot;background_background&quot;:&quot;classic&quot;}\">\n\t\t<div class=\"elementor-element elementor-element-49f1cb9 e-con-full e-flex e-con e-child\" data-id=\"49f1cb9\" data-element_type=\"container\">\n\t\t\t\t<div class=\"elementor-element elementor-element-5c4fc54 elementor-widget elementor-widget-image\" data-id=\"5c4fc54\" data-element_type=\"widget\" data-widget_type=\"image.default\">\n\t\t\t\t<div class=\"elementor-widget-container\">\n\t\t\t\t\t\t\t\t\t\t\t\t\t\t\t<img fetchpriority=\"high\" decoding=\"async\" width=\"750\" height=\"535\" src=\"https:\/\/hoteleledenpr.com\/wp-content\/uploads\/2022\/02\/El-Eden-1-of-50-1024x730.jpg\" class=\"attachment-large size-large wp-image-1668\" alt=\"Adam and Eve Mural located in the front of El Eden Motel\" srcset=\"https:\/\/hoteleledenpr.com\/wp-content\/uploads\/2022\/02\/El-Eden-1-of-50-1024x730.jpg 1024w, https:\/\/hoteleledenpr.com\/wp-content\/uploads\/2022\/02\/El-Eden-1-of-50-300x214.jpg 300w, https:\/\/hoteleledenpr.com\/wp-content\/uploads\/2022\/02\/El-Eden-1-of-50-768x548.jpg 768w, https:\/\/hoteleledenpr.com\/wp-content\/uploads\/2022\/02\/El-Eden-1-of-50-1536x1095.jpg 1536w, https:\/\/hoteleledenpr.com\/wp-content\/uploads\/2022\/02\/El-Eden-1-of-50-2048x1460.jpg 2048w, https:\/\/hoteleledenpr.com\/wp-content\/uploads\/2022\/02\/El-Eden-1-of-50-18x12.jpg 18w, https:\/\/hoteleledenpr.com\/wp-content\/uploads\/2022\/02\/El-Eden-1-of-50-1568x1118.jpg 1568w\" sizes=\"(max-width: 750px) 100vw, 750px\" \/>\t\t\t\t\t\t\t\t\t\t\t\t\t\t\t<\/div>\n\t\t\t\t<\/div>\n\t\t\t\t<\/div>\n\t\t<div class=\"elementor-element elementor-element-ca0c6ee e-con-full e-flex e-con e-child\" data-id=\"ca0c6ee\" data-element_type=\"container\">\n\t\t\t\t<div class=\"elementor-element elementor-element-88acc12 elementor-widget elementor-widget-heading\" data-id=\"88acc12\" data-element_type=\"widget\" data-widget_type=\"heading.default\">\n\t\t\t\t<div class=\"elementor-widget-container\">\n\t\t\t\t\t<h2 class=\"elementor-heading-title elementor-size-default\">Come Spend Time With Us<\/h2>\t\t\t\t<\/div>\n\t\t\t\t<\/div>\n\t\t\t\t<div class=\"elementor-element elementor-element-47b6c4d elementor-widget elementor-widget-text-editor\" data-id=\"47b6c4d\" data-element_type=\"widget\" data-widget_type=\"text-editor.default\">\n\t\t\t\t<div class=\"elementor-widget-container\">\n\t\t\t\t\t\t\t\t\t<p>Reserve a room for 6 hours o for a stay from 3pm-11am. Visit us and enjoy a unique experience in the South part of our beautiful island.<\/p>\t\t\t\t\t\t\t\t<\/div>\n\t\t\t\t<\/div>\n\t\t\t\t<div class=\"elementor-element elementor-element-6d53349 elementor-mobile-align-center elementor-widget elementor-widget-button\" data-id=\"6d53349\" data-element_type=\"widget\" data-widget_type=\"button.default\">\n\t\t\t\t<div class=\"elementor-widget-container\">\n\t\t\t\t\t\t\t\t\t<div class=\"elementor-button-wrapper\">\n\t\t\t\t\t<a class=\"elementor-button elementor-button-link elementor-size-sm\" href=\"https:\/\/hoteleledenpr.com\/nuestras-politicas\/\">\n\t\t\t\t\t\t<span class=\"elementor-button-content-wrapper\">\n\t\t\t\t\t\t\t\t\t<span class=\"elementor-button-text\">Our Policies<\/span>\n\t\t\t\t\t<\/span>\n\t\t\t\t\t<\/a>\n\t\t\t\t<\/div>\n\t\t\t\t\t\t\t\t<\/div>\n\t\t\t\t<\/div>\n\t\t\t\t<\/div>\n\t\t\t\t<\/div>\n\t\t<div class=\"elementor-element elementor-element-f7ef065 e-con-full e-flex e-con e-parent\" data-id=\"f7ef065\" data-element_type=\"container\" data-settings=\"{&quot;background_background&quot;:&quot;classic&quot;}\">\n\t\t\t\t<div class=\"elementor-element elementor-element-63125f3 elementor-widget elementor-widget-spacer\" data-id=\"63125f3\" data-element_type=\"widget\" data-widget_type=\"spacer.default\">\n\t\t\t\t<div class=\"elementor-widget-container\">\n\t\t\t\t\t\t\t<div class=\"elementor-spacer\">\n\t\t\t<div class=\"elementor-spacer-inner\"><\/div>\n\t\t<\/div>\n\t\t\t\t\t\t<\/div>\n\t\t\t\t<\/div>\n\t\t\t\t<\/div>\n\t\t<div class=\"elementor-element elementor-element-d5215b1 e-con-full e-flex e-con e-parent\" data-id=\"d5215b1\" data-element_type=\"container\" data-settings=\"{&quot;background_background&quot;:&quot;gradient&quot;}\">\n\t\t<div class=\"elementor-element elementor-element-7f9b92b e-flex e-con-boxed e-con e-child\" data-id=\"7f9b92b\" data-element_type=\"container\">\n\t\t\t\t\t<div class=\"e-con-inner\">\n\t\t\t\t<div class=\"elementor-element elementor-element-eb8da86 elementor-widget__width-initial elementor-widget elementor-widget-heading\" data-id=\"eb8da86\" data-element_type=\"widget\" data-widget_type=\"heading.default\">\n\t\t\t\t<div class=\"elementor-widget-container\">\n\t\t\t\t\t<h2 class=\"elementor-heading-title elementor-size-default\">Ladies Day<\/h2>\t\t\t\t<\/div>\n\t\t\t\t<\/div>\n\t\t\t\t<div class=\"elementor-element elementor-element-43f4ae0 elementor-widget__width-initial elementor-widget elementor-widget-heading\" data-id=\"43f4ae0\" data-element_type=\"widget\" data-widget_type=\"heading.default\">\n\t\t\t\t<div class=\"elementor-widget-container\">\n\t\t\t\t\t<h4 class=\"elementor-heading-title elementor-size-default\">20% Discount<\/h4>\t\t\t\t<\/div>\n\t\t\t\t<\/div>\n\t\t\t\t<div class=\"elementor-element elementor-element-b2c5246 elementor-widget elementor-widget-text-editor\" data-id=\"b2c5246\" data-element_type=\"widget\" data-widget_type=\"text-editor.default\">\n\t\t\t\t<div class=\"elementor-widget-container\">\n\t\t\t\t\t\t\t\t\t<p>When You Reserve a Room on Tuesday<\/p>\t\t\t\t\t\t\t\t<\/div>\n\t\t\t\t<\/div>\n\t\t\t\t\t<\/div>\n\t\t\t\t<\/div>\n\t\t\t\t<\/div>\n\t\t<div class=\"elementor-element elementor-element-a4aa9c9 e-con-full e-flex e-con e-parent\" data-id=\"a4aa9c9\" data-element_type=\"container\" data-settings=\"{&quot;background_background&quot;:&quot;classic&quot;}\">\n\t\t\t\t<div class=\"elementor-element elementor-element-033af05 elementor-widget elementor-widget-spacer\" data-id=\"033af05\" data-element_type=\"widget\" data-widget_type=\"spacer.default\">\n\t\t\t\t<div class=\"elementor-widget-container\">\n\t\t\t\t\t\t\t<div class=\"elementor-spacer\">\n\t\t\t<div class=\"elementor-spacer-inner\"><\/div>\n\t\t<\/div>\n\t\t\t\t\t\t<\/div>\n\t\t\t\t<\/div>\n\t\t\t\t<\/div>\n\t\t<div class=\"elementor-element elementor-element-31f0ab7 e-con-full e-flex e-con e-parent\" data-id=\"31f0ab7\" data-element_type=\"container\" data-settings=\"{&quot;background_background&quot;:&quot;classic&quot;}\">\n\t\t<div class=\"elementor-element elementor-element-963cadb e-con-full e-flex e-con e-child\" data-id=\"963cadb\" data-element_type=\"container\">\n\t\t\t\t<div class=\"elementor-element elementor-element-03e2f33 elementor-arrows-position-inside elementor-widget elementor-widget-image-carousel\" data-id=\"03e2f33\" data-element_type=\"widget\" data-settings=\"{&quot;navigation&quot;:&quot;arrows&quot;,&quot;autoplay&quot;:&quot;yes&quot;,&quot;pause_on_hover&quot;:&quot;yes&quot;,&quot;pause_on_interaction&quot;:&quot;yes&quot;,&quot;autoplay_speed&quot;:5000,&quot;infinite&quot;:&quot;yes&quot;,&quot;speed&quot;:500}\" data-widget_type=\"image-carousel.default\">\n\t\t\t\t<div class=\"elementor-widget-container\">\n\t\t\t\t\t\t\t<div class=\"elementor-image-carousel-wrapper swiper\" role=\"region\" aria-roledescription=\"carousel\" aria-label=\"Image Carousel\" dir=\"ltr\">\n\t\t\t<div class=\"elementor-image-carousel swiper-wrapper swiper-image-stretch\" aria-live=\"off\">\n\t\t\t\t\t\t\t\t<div class=\"swiper-slide\" role=\"group\" aria-roledescription=\"slide\" aria-label=\"1 of 5\"><figure class=\"swiper-slide-inner\"><img decoding=\"async\" class=\"swiper-slide-image\" src=\"https:\/\/hoteleledenpr.com\/wp-content\/uploads\/2022\/03\/El-Eden-45-of-50-scaled.jpg\" alt=\"View of Pool in Villa Pool Rooms\" \/><\/figure><\/div><div class=\"swiper-slide\" role=\"group\" aria-roledescription=\"slide\" aria-label=\"2 of 5\"><figure class=\"swiper-slide-inner\"><img decoding=\"async\" class=\"swiper-slide-image\" src=\"https:\/\/hoteleledenpr.com\/wp-content\/uploads\/2022\/02\/El-Eden-29-of-50-scaled.jpg\" alt=\"View of Inside of the Villa Pool Room showing bed and couches\" \/><\/figure><\/div><div class=\"swiper-slide\" role=\"group\" aria-roledescription=\"slide\" aria-label=\"3 of 5\"><figure class=\"swiper-slide-inner\"><img decoding=\"async\" class=\"swiper-slide-image\" src=\"https:\/\/hoteleledenpr.com\/wp-content\/uploads\/2022\/02\/El-Eden-50-of-50-scaled.jpg\" alt=\"View of one of the Bathrooms in El Eden Rooms\" \/><\/figure><\/div><div class=\"swiper-slide\" role=\"group\" aria-roledescription=\"slide\" aria-label=\"4 of 5\"><figure class=\"swiper-slide-inner\"><img decoding=\"async\" class=\"swiper-slide-image\" src=\"https:\/\/hoteleledenpr.com\/wp-content\/uploads\/2022\/02\/El-Eden-33-of-50-scaled.jpg\" alt=\"Inside view of Pool Suite Room showing bed, shower, tv and mini fridge\" \/><\/figure><\/div><div class=\"swiper-slide\" role=\"group\" aria-roledescription=\"slide\" aria-label=\"5 of 5\"><figure class=\"swiper-slide-inner\"><img decoding=\"async\" class=\"swiper-slide-image\" src=\"https:\/\/hoteleledenpr.com\/wp-content\/uploads\/2022\/03\/El-Eden-39-of-50-scaled.jpg\" alt=\"View of Queen Deluxe Room showing bed and remodeled shower\" \/><\/figure><\/div>\t\t\t<\/div>\n\t\t\t\t\t\t\t\t\t\t\t\t<div class=\"elementor-swiper-button elementor-swiper-button-prev\" role=\"button\" tabindex=\"0\">\n\t\t\t\t\t\t<i aria-hidden=\"true\" class=\"eicon-chevron-left\"><\/i>\t\t\t\t\t<\/div>\n\t\t\t\t\t<div class=\"elementor-swiper-button elementor-swiper-button-next\" role=\"button\" tabindex=\"0\">\n\t\t\t\t\t\t<i aria-hidden=\"true\" class=\"eicon-chevron-right\"><\/i>\t\t\t\t\t<\/div>\n\t\t\t\t\n\t\t\t\t\t\t\t\t\t<\/div>\n\t\t\t\t\t\t<\/div>\n\t\t\t\t<\/div>\n\t\t\t\t<\/div>\n\t\t\t\t<\/div>\n\t\t<div class=\"elementor-element elementor-element-1bbc7f2 e-con-full e-flex e-con e-parent\" data-id=\"1bbc7f2\" data-element_type=\"container\" data-settings=\"{&quot;background_background&quot;:&quot;classic&quot;}\">\n\t\t\t\t<div class=\"elementor-element elementor-element-cd7c81b elementor-widget elementor-widget-spacer\" data-id=\"cd7c81b\" data-element_type=\"widget\" data-widget_type=\"spacer.default\">\n\t\t\t\t<div class=\"elementor-widget-container\">\n\t\t\t\t\t\t\t<div class=\"elementor-spacer\">\n\t\t\t<div class=\"elementor-spacer-inner\"><\/div>\n\t\t<\/div>\n\t\t\t\t\t\t<\/div>\n\t\t\t\t<\/div>\n\t\t\t\t<\/div>\n\t\t<div class=\"elementor-element elementor-element-10a4480 e-con-full e-flex e-con e-parent\" data-id=\"10a4480\" data-element_type=\"container\" data-settings=\"{&quot;background_background&quot;:&quot;classic&quot;}\">\n\t\t<div class=\"elementor-element elementor-element-9f1b1fb e-con-full e-flex e-con e-child\" data-id=\"9f1b1fb\" data-element_type=\"container\">\n\t\t\t\t<div class=\"elementor-element elementor-element-be9548a elementor-widget elementor-widget-heading\" data-id=\"be9548a\" data-element_type=\"widget\" data-widget_type=\"heading.default\">\n\t\t\t\t<div class=\"elementor-widget-container\">\n\t\t\t\t\t<h2 class=\"elementor-heading-title elementor-size-default\">Pool Rooms<\/h2>\t\t\t\t<\/div>\n\t\t\t\t<\/div>\n\t\t\t\t<div class=\"elementor-element elementor-element-1452646 elementor-widget elementor-widget-text-editor\" data-id=\"1452646\" data-element_type=\"widget\" data-widget_type=\"text-editor.default\">\n\t\t\t\t<div class=\"elementor-widget-container\">\n\t\t\t\t\t\t\t\t\t<p>We Offer Different Room Categories.<\/p>\t\t\t\t\t\t\t\t<\/div>\n\t\t\t\t<\/div>\n\t\t\t\t<div class=\"elementor-element elementor-element-3828812 elementor-widget elementor-widget-button\" data-id=\"3828812\" data-element_type=\"widget\" data-widget_type=\"button.default\">\n\t\t\t\t<div class=\"elementor-widget-container\">\n\t\t\t\t\t\t\t\t\t<div class=\"elementor-button-wrapper\">\n\t\t\t\t\t<a class=\"elementor-button elementor-button-link elementor-size-sm\" href=\"https:\/\/hoteleledenpr.com\/galeria-de-las-habitaciones\/\">\n\t\t\t\t\t\t<span class=\"elementor-button-content-wrapper\">\n\t\t\t\t\t\t\t\t\t<span class=\"elementor-button-text\">Room Gallery<\/span>\n\t\t\t\t\t<\/span>\n\t\t\t\t\t<\/a>\n\t\t\t\t<\/div>\n\t\t\t\t\t\t\t\t<\/div>\n\t\t\t\t<\/div>\n\t\t\t\t<\/div>\n\t\t<div class=\"elementor-element elementor-element-36d9a8f e-con-full e-flex e-con e-child\" data-id=\"36d9a8f\" data-element_type=\"container\">\n\t\t\t\t<div class=\"elementor-element elementor-element-74aadca elementor-widget elementor-widget-image\" data-id=\"74aadca\" data-element_type=\"widget\" data-widget_type=\"image.default\">\n\t\t\t\t<div class=\"elementor-widget-container\">\n\t\t\t\t\t\t\t\t\t\t\t\t\t\t\t<img decoding=\"async\" width=\"750\" height=\"445\" src=\"https:\/\/hoteleledenpr.com\/wp-content\/uploads\/2022\/03\/El-Eden-28-of-50-1024x607.jpg\" class=\"attachment-large size-large wp-image-1686\" alt=\"View of Pool in Villa Pool Rooms\" srcset=\"https:\/\/hoteleledenpr.com\/wp-content\/uploads\/2022\/03\/El-Eden-28-of-50-1024x607.jpg 1024w, https:\/\/hoteleledenpr.com\/wp-content\/uploads\/2022\/03\/El-Eden-28-of-50-300x178.jpg 300w, https:\/\/hoteleledenpr.com\/wp-content\/uploads\/2022\/03\/El-Eden-28-of-50-768x455.jpg 768w, https:\/\/hoteleledenpr.com\/wp-content\/uploads\/2022\/03\/El-Eden-28-of-50-1536x910.jpg 1536w, https:\/\/hoteleledenpr.com\/wp-content\/uploads\/2022\/03\/El-Eden-28-of-50-2048x1214.jpg 2048w, https:\/\/hoteleledenpr.com\/wp-content\/uploads\/2022\/03\/El-Eden-28-of-50-18x12.jpg 18w, https:\/\/hoteleledenpr.com\/wp-content\/uploads\/2022\/03\/El-Eden-28-of-50-1568x929.jpg 1568w\" sizes=\"(max-width: 750px) 100vw, 750px\" \/>\t\t\t\t\t\t\t\t\t\t\t\t\t\t\t<\/div>\n\t\t\t\t<\/div>\n\t\t\t\t<\/div>\n\t\t\t\t<\/div>\n\t\t<div class=\"elementor-element elementor-element-0367fb4 e-con-full e-flex e-con e-parent\" data-id=\"0367fb4\" data-element_type=\"container\" data-settings=\"{&quot;background_background&quot;:&quot;classic&quot;}\">\n\t\t\t\t<div class=\"elementor-element elementor-element-d58136f elementor-widget elementor-widget-spacer\" data-id=\"d58136f\" data-element_type=\"widget\" data-widget_type=\"spacer.default\">\n\t\t\t\t<div class=\"elementor-widget-container\">\n\t\t\t\t\t\t\t<div class=\"elementor-spacer\">\n\t\t\t<div class=\"elementor-spacer-inner\"><\/div>\n\t\t<\/div>\n\t\t\t\t\t\t<\/div>\n\t\t\t\t<\/div>\n\t\t\t\t<\/div>\n\t\t<div class=\"elementor-element elementor-element-2dfd6cf e-flex e-con-boxed e-con e-parent\" data-id=\"2dfd6cf\" data-element_type=\"container\" data-settings=\"{&quot;background_background&quot;:&quot;gradient&quot;}\">\n\t\t\t\t\t<div class=\"e-con-inner\">\n\t\t<div class=\"elementor-element elementor-element-bc057f3 e-con-full e-flex e-con e-child\" data-id=\"bc057f3\" data-element_type=\"container\">\n\t\t\t\t<div class=\"elementor-element elementor-element-b14212f elementor-widget__width-initial elementor-widget elementor-widget-heading\" data-id=\"b14212f\" data-element_type=\"widget\" data-widget_type=\"heading.default\">\n\t\t\t\t<div class=\"elementor-widget-container\">\n\t\t\t\t\t<h2 class=\"elementor-heading-title elementor-size-default\">Customer Service<\/h2>\t\t\t\t<\/div>\n\t\t\t\t<\/div>\n\t\t\t\t<div class=\"elementor-element elementor-element-9f31ee6 elementor-widget elementor-widget-text-editor\" data-id=\"9f31ee6\" data-element_type=\"widget\" data-widget_type=\"text-editor.default\">\n\t\t\t\t<div class=\"elementor-widget-container\">\n\t\t\t\t\t\t\t\t\t<p>Available from 7am-11pm (Monday-Sunday)<\/p>\t\t\t\t\t\t\t\t<\/div>\n\t\t\t\t<\/div>\n\t\t\t\t<div class=\"elementor-element elementor-element-1caae9c elementor-widget elementor-widget-text-editor\" data-id=\"1caae9c\" data-element_type=\"widget\" data-widget_type=\"text-editor.default\">\n\t\t\t\t<div class=\"elementor-widget-container\">\n\t\t\t\t\t\t\t\t\t<p>1 (888) 279-9593<\/p>\t\t\t\t\t\t\t\t<\/div>\n\t\t\t\t<\/div>\n\t\t\t\t<\/div>\n\t\t\t\t\t<\/div>\n\t\t\t\t<\/div>\n\t\t\t\t<\/div>","protected":false},"excerpt":{"rendered":"<p>El Ed\u00e9n Boutique Motel Juana D\u00edaz, Puerto Rico Reserva Ahora Ven a Compartir con Nosotros Reserva una habitaci\u00f3n por 6 horas o estad\u00eda de 3pm-11am. Vis\u00edtanos para que disfrutes de<a class=\"more-link\" href=\"https:\/\/hoteleledenpr.com\/en\/\">Continue reading <span class=\"screen-reader-text\">\u00abHome\u00bb<\/span><\/a><\/p>","protected":false},"author":2,"featured_media":0,"parent":0,"menu_order":0,"comment_status":"closed","ping_status":"closed","template":"elementor_header_footer","meta":{"_monsterinsights_skip_tracking":false,"_monsterinsights_sitenote_active":false,"_monsterinsights_sitenote_note":"","_monsterinsights_sitenote_category":0,"footnotes":""},"class_list":["post-702","page","type-page","status-publish","hentry","entry"],"_links":{"self":[{"href":"https:\/\/hoteleledenpr.com\/en\/wp-json\/wp\/v2\/pages\/702","targetHints":{"allow":["GET"]}}],"collection":[{"href":"https:\/\/hoteleledenpr.com\/en\/wp-json\/wp\/v2\/pages"}],"about":[{"href":"https:\/\/hoteleledenpr.com\/en\/wp-json\/wp\/v2\/types\/page"}],"author":[{"embeddable":true,"href":"https:\/\/hoteleledenpr.com\/en\/wp-json\/wp\/v2\/users\/2"}],"replies":[{"embeddable":true,"href":"https:\/\/hoteleledenpr.com\/en\/wp-json\/wp\/v2\/comments?post=702"}],"version-history":[{"count":226,"href":"https:\/\/hoteleledenpr.com\/en\/wp-json\/wp\/v2\/pages\/702\/revisions"}],"predecessor-version":[{"id":2484,"href":"https:\/\/hoteleledenpr.com\/en\/wp-json\/wp\/v2\/pages\/702\/revisions\/2484"}],"wp:attachment":[{"href":"https:\/\/hoteleledenpr.com\/en\/wp-json\/wp\/v2\/media?parent=702"}],"curies":[{"name":"wp","href":"https:\/\/api.w.org\/{rel}","templated":true}]}}